{"id":39,"date":"2021-09-22T18:31:22","date_gmt":"2021-09-22T16:31:22","guid":{"rendered":"http:\/\/circum-urbem.fr\/?page_id=39"},"modified":"2021-10-18T15:23:10","modified_gmt":"2021-10-18T13:23:10","slug":"domaines-d-activites-ingenierie-du-trafic","status":"publish","type":"page","link":"https:\/\/circum-urbem.fr\/?page_id=39","title":{"rendered":"DOMAINES D&rsquo;ACTIVITES"},"content":{"rendered":"\n<h5 class=\"has-text-align-center has-text-color has-background wp-block-heading\" style=\"background-color:#050945;color:#f6f5f3\">Trafic Routier<\/h5>\n\n\n\n<div class=\"wp-block-media-text alignwide is-stacked-on-mobile\" style=\"grid-template-columns:42% auto\"><figure class=\"wp-block-media-text__media\"><img loading=\"lazy\" decoding=\"async\" width=\"1024\" height=\"737\" src=\"https:\/\/circum-urbem.fr\/wp-content\/uploads\/2021\/09\/Trafic-1b-1024x737.jpg\" alt=\"\" class=\"wp-image-77 size-full\" srcset=\"https:\/\/circum-urbem.fr\/wp-content\/uploads\/2021\/09\/Trafic-1b-1024x737.jpg 1024w, https:\/\/circum-urbem.fr\/wp-content\/uploads\/2021\/09\/Trafic-1b-300x216.jpg 300w, https:\/\/circum-urbem.fr\/wp-content\/uploads\/2021\/09\/Trafic-1b-768x553.jpg 768w, https:\/\/circum-urbem.fr\/wp-content\/uploads\/2021\/09\/Trafic-1b-1536x1106.jpg 1536w, https:\/\/circum-urbem.fr\/wp-content\/uploads\/2021\/09\/Trafic-1b-1200x864.jpg 1200w, https:\/\/circum-urbem.fr\/wp-content\/uploads\/2021\/09\/Trafic-1b.jpg 1687w\" sizes=\"auto, (max-width: 1024px) 100vw, 1024px\" \/><\/figure><div class=\"wp-block-media-text__content\">\n<ul class=\"wp-block-list\"><li><span style=\"color:#08066a\" class=\"has-inline-color\">Etudes de trafic<\/span><\/li><li><span style=\"color:#08066a\" class=\"has-inline-color\">Etudes de carrefours<\/span><\/li><li><span style=\"color:#08066a\" class=\"has-inline-color\">Simulations dynamiques de trafic<\/span><\/li><li><span style=\"color:#08066a\" class=\"has-inline-color\">Strat\u00e9gies de r\u00e9gulation<\/span><\/li><li><span style=\"color:#08066a\" class=\"has-inline-color\">Prises en compte des modes actifs<\/span><\/li><li><span style=\"color:#08066a\" class=\"has-inline-color\">Priorit\u00e9s TC, BHNS, Tramway<\/span><\/li><\/ul>\n<\/div><\/div>\n\n\n\n<h5 class=\"has-text-align-center has-text-color has-background wp-block-heading\" style=\"background-color:#050945;color:#f4f3ef\">D\u00e9placements tous modes<\/h5>\n\n\n\n<div class=\"wp-block-media-text alignwide has-media-on-the-right is-stacked-on-mobile\"><figure class=\"wp-block-media-text__media\"><img loading=\"lazy\" decoding=\"async\" width=\"1024\" height=\"507\" src=\"https:\/\/circum-urbem.fr\/wp-content\/uploads\/2021\/09\/velo-2b-2-1024x507.jpg\" alt=\"\" class=\"wp-image-87 size-full\" srcset=\"https:\/\/circum-urbem.fr\/wp-content\/uploads\/2021\/09\/velo-2b-2-1024x507.jpg 1024w, https:\/\/circum-urbem.fr\/wp-content\/uploads\/2021\/09\/velo-2b-2-300x149.jpg 300w, https:\/\/circum-urbem.fr\/wp-content\/uploads\/2021\/09\/velo-2b-2-768x381.jpg 768w, https:\/\/circum-urbem.fr\/wp-content\/uploads\/2021\/09\/velo-2b-2-1536x761.jpg 1536w, https:\/\/circum-urbem.fr\/wp-content\/uploads\/2021\/09\/velo-2b-2-1200x595.jpg 1200w, https:\/\/circum-urbem.fr\/wp-content\/uploads\/2021\/09\/velo-2b-2.jpg 1586w\" sizes=\"auto, (max-width: 1024px) 100vw, 1024px\" \/><\/figure><div class=\"wp-block-media-text__content\">\n<ul class=\"wp-block-list\"><li><span style=\"color:#0d0757\" class=\"has-inline-color\">Plans de circulation et de stationnement<\/span><\/li><li><span style=\"color:#0d0757\" class=\"has-inline-color\">Etudes de circulation<\/span><\/li><li><span style=\"color:#0d0757\" class=\"has-inline-color\">Etudes de stationnement<\/span><\/li><li><span style=\"color:#0d0757\" class=\"has-inline-color\">Sch\u00e9mas directeurs cyclables \/ Modes actifs, Plans V\u00e9los<\/span><\/li><li><span style=\"color:#0d0757\" class=\"has-inline-color\">Etudes de faisabilit\u00e9 d&rsquo;itin\u00e9raires cyclables<\/span><\/li><li><span style=\"color:#0d0757\" class=\"has-inline-color\">Plans de Mise en Accessibilit\u00e9 de la Voirie et des Espaces Publics<\/span><\/li><\/ul>\n<\/div><\/div>\n\n\n\n<h5 class=\"has-text-align-center has-text-color has-background wp-block-heading\" style=\"background-color:#050945;color:#f9f7f2\">S\u00e9curit\u00e9 Routi\u00e8re<\/h5>\n\n\n\n<div class=\"wp-block-media-text alignwide is-stacked-on-mobile\"><figure class=\"wp-block-media-text__media\"><img loading=\"lazy\" decoding=\"async\" width=\"1024\" height=\"453\" src=\"https:\/\/circum-urbem.fr\/wp-content\/uploads\/2021\/09\/Securite-2b-1024x453.jpg\" alt=\"\" class=\"wp-image-83 size-full\" srcset=\"https:\/\/circum-urbem.fr\/wp-content\/uploads\/2021\/09\/Securite-2b-1024x453.jpg 1024w, https:\/\/circum-urbem.fr\/wp-content\/uploads\/2021\/09\/Securite-2b-300x133.jpg 300w, https:\/\/circum-urbem.fr\/wp-content\/uploads\/2021\/09\/Securite-2b-768x340.jpg 768w, https:\/\/circum-urbem.fr\/wp-content\/uploads\/2021\/09\/Securite-2b-1200x531.jpg 1200w, https:\/\/circum-urbem.fr\/wp-content\/uploads\/2021\/09\/Securite-2b.jpg 1490w\" sizes=\"auto, (max-width: 1024px) 100vw, 1024px\" \/><\/figure><div class=\"wp-block-media-text__content\">\n<ul class=\"wp-block-list\"><li><span style=\"color:#090c64\" class=\"has-inline-color\">Diagnostics de s\u00e9curit\u00e9 d&rsquo;itin\u00e9raires (d\u00e9marche SURE)<\/span><\/li><li><span style=\"color:#090c64\" class=\"has-inline-color\">Etudes de s\u00e9curit\u00e9 de carrefours<\/span><\/li><li><span style=\"color:#090c64\" class=\"has-inline-color\">Visites de s\u00e9curit\u00e9 routi\u00e8re<\/span><\/li><\/ul>\n<\/div><\/div>\n\n\n\n<p><\/p>\n","protected":false},"excerpt":{"rendered":"<p>Trafic Routier Etudes de trafic Etudes de carrefours Simulations dynamiques de trafic Strat\u00e9gies de r\u00e9gulation Prises en compte des modes actifs Priorit\u00e9s TC, BHNS, Tramway D\u00e9placements tous modes Plans de circulation et de stationnement Etudes de circulation Etudes de stationnement Sch\u00e9mas directeurs cyclables \/ Modes actifs, Plans V\u00e9los Etudes de faisabilit\u00e9 d&rsquo;itin\u00e9raires cyclables Plans de [&hellip;]<\/p>\n","protected":false},"author":1,"featured_media":0,"parent":0,"menu_order":0,"comment_status":"closed","ping_status":"closed","template":"","meta":{"_exactmetrics_skip_tracking":false,"_exactmetrics_sitenote_active":false,"_exactmetrics_sitenote_note":"","_exactmetrics_sitenote_category":0,"footnotes":""},"class_list":["post-39","page","type-page","status-publish","hentry"],"yoast_head":"<!-- This site is optimized with the Yoast SEO plugin v27.4 - https:\/\/yoast.com\/product\/yoast-seo-wordpress\/ -->\n<title>DOMAINES D&#039;ACTIVITES - Circum Urbem<\/title>\n<meta name=\"description\" content=\"D\u00e9couvrez les domaines de comp\u00e9tence d&#039;ing\u00e9nierie du trafic que je propose : Trafic Routier, d\u00e9placement tout mode, s\u00e9curit\u00e9 routi\u00e8re.\" \/>\n<meta name=\"robots\" content=\"index, follow, max-snippet:-1, max-image-preview:large, max-video-preview:-1\" \/>\n<link rel=\"canonical\" href=\"https:\/\/circum-urbem.fr\/?page_id=39\" \/>\n<meta property=\"og:locale\" content=\"fr_FR\" \/>\n<meta property=\"og:type\" content=\"article\" \/>\n<meta property=\"og:title\" content=\"DOMAINES D&#039;ACTIVITES - Circum Urbem\" \/>\n<meta property=\"og:description\" content=\"D\u00e9couvrez les domaines de comp\u00e9tence d&#039;ing\u00e9nierie du trafic que je propose : Trafic Routier, d\u00e9placement tout mode, s\u00e9curit\u00e9 routi\u00e8re.\" \/>\n<meta property=\"og:url\" content=\"https:\/\/circum-urbem.fr\/?page_id=39\" \/>\n<meta property=\"og:site_name\" content=\"Circum Urbem\" \/>\n<meta property=\"article:modified_time\" content=\"2021-10-18T13:23:10+00:00\" \/>\n<meta property=\"og:image\" content=\"http:\/\/circum-urbem.fr\/wp-content\/uploads\/2021\/09\/Trafic-1b-1024x737.jpg\" \/>\n<meta name=\"twitter:card\" content=\"summary_large_image\" \/>\n<meta name=\"twitter:label1\" content=\"Dur\u00e9e de lecture estim\u00e9e\" \/>\n\t<meta name=\"twitter:data1\" content=\"1 minute\" \/>\n<script type=\"application\/ld+json\" class=\"yoast-schema-graph\">{\"@context\":\"https:\\\/\\\/schema.org\",\"@graph\":[{\"@type\":\"WebPage\",\"@id\":\"https:\\\/\\\/circum-urbem.fr\\\/?page_id=39\",\"url\":\"https:\\\/\\\/circum-urbem.fr\\\/?page_id=39\",\"name\":\"DOMAINES D'ACTIVITES - Circum Urbem\",\"isPartOf\":{\"@id\":\"https:\\\/\\\/circum-urbem.fr\\\/#website\"},\"primaryImageOfPage\":{\"@id\":\"https:\\\/\\\/circum-urbem.fr\\\/?page_id=39#primaryimage\"},\"image\":{\"@id\":\"https:\\\/\\\/circum-urbem.fr\\\/?page_id=39#primaryimage\"},\"thumbnailUrl\":\"http:\\\/\\\/circum-urbem.fr\\\/wp-content\\\/uploads\\\/2021\\\/09\\\/Trafic-1b-1024x737.jpg\",\"datePublished\":\"2021-09-22T16:31:22+00:00\",\"dateModified\":\"2021-10-18T13:23:10+00:00\",\"description\":\"D\u00e9couvrez les domaines de comp\u00e9tence d'ing\u00e9nierie du trafic que je propose : Trafic Routier, d\u00e9placement tout mode, s\u00e9curit\u00e9 routi\u00e8re.\",\"breadcrumb\":{\"@id\":\"https:\\\/\\\/circum-urbem.fr\\\/?page_id=39#breadcrumb\"},\"inLanguage\":\"fr-FR\",\"potentialAction\":[{\"@type\":\"ReadAction\",\"target\":[\"https:\\\/\\\/circum-urbem.fr\\\/?page_id=39\"]}]},{\"@type\":\"ImageObject\",\"inLanguage\":\"fr-FR\",\"@id\":\"https:\\\/\\\/circum-urbem.fr\\\/?page_id=39#primaryimage\",\"url\":\"http:\\\/\\\/circum-urbem.fr\\\/wp-content\\\/uploads\\\/2021\\\/09\\\/Trafic-1b-1024x737.jpg\",\"contentUrl\":\"http:\\\/\\\/circum-urbem.fr\\\/wp-content\\\/uploads\\\/2021\\\/09\\\/Trafic-1b-1024x737.jpg\"},{\"@type\":\"BreadcrumbList\",\"@id\":\"https:\\\/\\\/circum-urbem.fr\\\/?page_id=39#breadcrumb\",\"itemListElement\":[{\"@type\":\"ListItem\",\"position\":1,\"name\":\"Accueil\",\"item\":\"https:\\\/\\\/circum-urbem.fr\\\/\"},{\"@type\":\"ListItem\",\"position\":2,\"name\":\"DOMAINES D&rsquo;ACTIVITES\"}]},{\"@type\":\"WebSite\",\"@id\":\"https:\\\/\\\/circum-urbem.fr\\\/#website\",\"url\":\"https:\\\/\\\/circum-urbem.fr\\\/\",\"name\":\"Circum Urbem\",\"description\":\"\",\"publisher\":{\"@id\":\"https:\\\/\\\/circum-urbem.fr\\\/#organization\"},\"potentialAction\":[{\"@type\":\"SearchAction\",\"target\":{\"@type\":\"EntryPoint\",\"urlTemplate\":\"https:\\\/\\\/circum-urbem.fr\\\/?s={search_term_string}\"},\"query-input\":{\"@type\":\"PropertyValueSpecification\",\"valueRequired\":true,\"valueName\":\"search_term_string\"}}],\"inLanguage\":\"fr-FR\"},{\"@type\":\"Organization\",\"@id\":\"https:\\\/\\\/circum-urbem.fr\\\/#organization\",\"name\":\"Circum Urbem\",\"url\":\"https:\\\/\\\/circum-urbem.fr\\\/\",\"logo\":{\"@type\":\"ImageObject\",\"inLanguage\":\"fr-FR\",\"@id\":\"https:\\\/\\\/circum-urbem.fr\\\/#\\\/schema\\\/logo\\\/image\\\/\",\"url\":\"https:\\\/\\\/circum-urbem.fr\\\/wp-content\\\/uploads\\\/2021\\\/09\\\/cropped-Logo_Circum_Urbem-horizontal.png\",\"contentUrl\":\"https:\\\/\\\/circum-urbem.fr\\\/wp-content\\\/uploads\\\/2021\\\/09\\\/cropped-Logo_Circum_Urbem-horizontal.png\",\"width\":1167,\"height\":531,\"caption\":\"Circum Urbem\"},\"image\":{\"@id\":\"https:\\\/\\\/circum-urbem.fr\\\/#\\\/schema\\\/logo\\\/image\\\/\"}}]}<\/script>\n<!-- \/ Yoast SEO plugin. -->","yoast_head_json":{"title":"DOMAINES D'ACTIVITES - Circum Urbem","description":"D\u00e9couvrez les domaines de comp\u00e9tence d'ing\u00e9nierie du trafic que je propose : Trafic Routier, d\u00e9placement tout mode, s\u00e9curit\u00e9 routi\u00e8re.","robots":{"index":"index","follow":"follow","max-snippet":"max-snippet:-1","max-image-preview":"max-image-preview:large","max-video-preview":"max-video-preview:-1"},"canonical":"https:\/\/circum-urbem.fr\/?page_id=39","og_locale":"fr_FR","og_type":"article","og_title":"DOMAINES D'ACTIVITES - Circum Urbem","og_description":"D\u00e9couvrez les domaines de comp\u00e9tence d'ing\u00e9nierie du trafic que je propose : Trafic Routier, d\u00e9placement tout mode, s\u00e9curit\u00e9 routi\u00e8re.","og_url":"https:\/\/circum-urbem.fr\/?page_id=39","og_site_name":"Circum Urbem","article_modified_time":"2021-10-18T13:23:10+00:00","og_image":[{"url":"http:\/\/circum-urbem.fr\/wp-content\/uploads\/2021\/09\/Trafic-1b-1024x737.jpg","type":"","width":"","height":""}],"twitter_card":"summary_large_image","twitter_misc":{"Dur\u00e9e de lecture estim\u00e9e":"1 minute"},"schema":{"@context":"https:\/\/schema.org","@graph":[{"@type":"WebPage","@id":"https:\/\/circum-urbem.fr\/?page_id=39","url":"https:\/\/circum-urbem.fr\/?page_id=39","name":"DOMAINES D'ACTIVITES - Circum Urbem","isPartOf":{"@id":"https:\/\/circum-urbem.fr\/#website"},"primaryImageOfPage":{"@id":"https:\/\/circum-urbem.fr\/?page_id=39#primaryimage"},"image":{"@id":"https:\/\/circum-urbem.fr\/?page_id=39#primaryimage"},"thumbnailUrl":"http:\/\/circum-urbem.fr\/wp-content\/uploads\/2021\/09\/Trafic-1b-1024x737.jpg","datePublished":"2021-09-22T16:31:22+00:00","dateModified":"2021-10-18T13:23:10+00:00","description":"D\u00e9couvrez les domaines de comp\u00e9tence d'ing\u00e9nierie du trafic que je propose : Trafic Routier, d\u00e9placement tout mode, s\u00e9curit\u00e9 routi\u00e8re.","breadcrumb":{"@id":"https:\/\/circum-urbem.fr\/?page_id=39#breadcrumb"},"inLanguage":"fr-FR","potentialAction":[{"@type":"ReadAction","target":["https:\/\/circum-urbem.fr\/?page_id=39"]}]},{"@type":"ImageObject","inLanguage":"fr-FR","@id":"https:\/\/circum-urbem.fr\/?page_id=39#primaryimage","url":"http:\/\/circum-urbem.fr\/wp-content\/uploads\/2021\/09\/Trafic-1b-1024x737.jpg","contentUrl":"http:\/\/circum-urbem.fr\/wp-content\/uploads\/2021\/09\/Trafic-1b-1024x737.jpg"},{"@type":"BreadcrumbList","@id":"https:\/\/circum-urbem.fr\/?page_id=39#breadcrumb","itemListElement":[{"@type":"ListItem","position":1,"name":"Accueil","item":"https:\/\/circum-urbem.fr\/"},{"@type":"ListItem","position":2,"name":"DOMAINES D&rsquo;ACTIVITES"}]},{"@type":"WebSite","@id":"https:\/\/circum-urbem.fr\/#website","url":"https:\/\/circum-urbem.fr\/","name":"Circum Urbem","description":"","publisher":{"@id":"https:\/\/circum-urbem.fr\/#organization"},"potentialAction":[{"@type":"SearchAction","target":{"@type":"EntryPoint","urlTemplate":"https:\/\/circum-urbem.fr\/?s={search_term_string}"},"query-input":{"@type":"PropertyValueSpecification","valueRequired":true,"valueName":"search_term_string"}}],"inLanguage":"fr-FR"},{"@type":"Organization","@id":"https:\/\/circum-urbem.fr\/#organization","name":"Circum Urbem","url":"https:\/\/circum-urbem.fr\/","logo":{"@type":"ImageObject","inLanguage":"fr-FR","@id":"https:\/\/circum-urbem.fr\/#\/schema\/logo\/image\/","url":"https:\/\/circum-urbem.fr\/wp-content\/uploads\/2021\/09\/cropped-Logo_Circum_Urbem-horizontal.png","contentUrl":"https:\/\/circum-urbem.fr\/wp-content\/uploads\/2021\/09\/cropped-Logo_Circum_Urbem-horizontal.png","width":1167,"height":531,"caption":"Circum Urbem"},"image":{"@id":"https:\/\/circum-urbem.fr\/#\/schema\/logo\/image\/"}}]}},"_links":{"self":[{"href":"https:\/\/circum-urbem.fr\/index.php?rest_route=\/wp\/v2\/pages\/39","targetHints":{"allow":["GET"]}}],"collection":[{"href":"https:\/\/circum-urbem.fr\/index.php?rest_route=\/wp\/v2\/pages"}],"about":[{"href":"https:\/\/circum-urbem.fr\/index.php?rest_route=\/wp\/v2\/types\/page"}],"author":[{"embeddable":true,"href":"https:\/\/circum-urbem.fr\/index.php?rest_route=\/wp\/v2\/users\/1"}],"replies":[{"embeddable":true,"href":"https:\/\/circum-urbem.fr\/index.php?rest_route=%2Fwp%2Fv2%2Fcomments&post=39"}],"version-history":[{"count":13,"href":"https:\/\/circum-urbem.fr\/index.php?rest_route=\/wp\/v2\/pages\/39\/revisions"}],"predecessor-version":[{"id":198,"href":"https:\/\/circum-urbem.fr\/index.php?rest_route=\/wp\/v2\/pages\/39\/revisions\/198"}],"wp:attachment":[{"href":"https:\/\/circum-urbem.fr\/index.php?rest_route=%2Fwp%2Fv2%2Fmedia&parent=39"}],"curies":[{"name":"wp","href":"https:\/\/api.w.org\/{rel}","templated":true}]}}