{"id":212,"date":"2021-10-11T17:36:11","date_gmt":"2021-10-11T15:36:11","guid":{"rendered":"https:\/\/circum-urbem.fr\/?page_id=212"},"modified":"2021-10-15T10:26:34","modified_gmt":"2021-10-15T08:26:34","slug":"politique-de-confidentialite","status":"publish","type":"page","link":"https:\/\/circum-urbem.fr\/?page_id=212","title":{"rendered":"Politique de confidentialit\u00e9"},"content":{"rendered":"\n<p>CIRCUM URBEM  n\u2019enregistre pas d\u2019informations personnelles permettant l\u2019identification, \u00e0 l\u2019exception des formulaires que l\u2019utilisateur est libre de remplir. Ces informations ne seront pas utilis\u00e9es sans votre accord, nous les utiliserons seulement pour vous adresser des courriers, des brochures, des devis ou vous contacter.<\/p>\n\n\n\n<p>Les informations recueillies sur les sites b\u00e9n\u00e9ficient de la protection de la loi \u201cInformatique et Libert\u00e9s\u201d n\u00b0 78-17 du 06 janvier 1978. Elles b\u00e9n\u00e9ficient d\u2019un droit d\u2019acc\u00e8s, de rectification, d\u2019opposition \u00e0 communication et de suppression sur simple demande par e-mail \u00e0&nbsp;<a href=\"mailto:contact@circum-urbem.fr\">contact@circum-urbem.fr<\/a>&nbsp;ou par courrier \u00e0 CIRCUM URBEM , Future Building 1, 1280 avenue des platanes 34970 Lattes.<\/p>\n\n\n\n<p>CIRCUM URBEM pourra proc\u00e9der \u00e0 des analyses statistiques sans que celles-ci soient nominatives et pourra en informer des tiers (organismes d\u2019\u00e9valuation de fr\u00e9quentation) sous une forme r\u00e9sum\u00e9e et non nominative.<\/p>\n\n\n\n<h2 class=\"wp-block-heading\">R\u00c8GLEMENT G\u00c9N\u00c9RAL SUR LA PROTECTION DES DONN\u00c9ES (RGPD)<\/h2>\n\n\n\n<p>CIRCUM URBEM  s\u2019engage \u00e0 ce que la collecte et le traitement de vos donn\u00e9es, effectu\u00e9s \u00e0 partir du site&nbsp;<a href=\"https:\/\/www.circum-urbem.fr\">https:\/\/www.circum-urbem.fr&nbsp;<\/a>, soient conformes au r\u00e8glement g\u00e9n\u00e9ral sur la protection des donn\u00e9es (RGPD). Chaque formulaire ou t\u00e9l\u00e9service limite la collecte des donn\u00e9es personnelles au strict n\u00e9cessaire (minimisation des donn\u00e9es) et indique notamment :<\/p>\n\n\n\n<ul class=\"wp-block-list\"><li>quels sont les objectifs du recueil de ces donn\u00e9es,<\/li><li>si ces donn\u00e9es sont obligatoires ou facultatives pour la gestion de votre demande,<\/li><li>qui pourra en prendre connaissance (uniquement  en principe, sauf pr\u00e9cision dans le formulaire lorsqu\u2019une transmission \u00e0 un tiers est n\u00e9cessaire \u00e0 la gestion de votre demande),<\/li><\/ul>\n\n\n\n<p>Les donn\u00e9es personnelles recueillies dans le cadre des services propos\u00e9s sur&nbsp;<a href=\"https:\/\/www.circum-urbem.fr\/\">https:\/\/www.circum-urbem.fr<\/a>&nbsp;sont trait\u00e9es selon des protocoles s\u00e9curis\u00e9s et permettent \u00e0 CIRCUM URBEM  de g\u00e9rer les demandes re\u00e7ues dans ses applications informatiques.<\/p>\n\n\n\n<p>Pour toute information ou exercice de vos droits Informatique et Libert\u00e9s sur les traitements de donn\u00e9es personnelles g\u00e9r\u00e9s par CIRCUM URBEM , vous pouvez contacter CIRCUM URBEM et \u00e9ventuellement son d\u00e9l\u00e9gu\u00e9 \u00e0 la protection des donn\u00e9es (DPO), si distingu\u00e9.<\/p>\n\n\n\n<h2 class=\"wp-block-heading\">UTILISATION DE COOKIES<\/h2>\n\n\n\n<p>La gestion des commandes n\u00e9cessite l\u2019utilisation de cookies. Des informations non personnelles sont enregistr\u00e9es par ce syst\u00e8me de cookies (fichiers texte utilis\u00e9s pour reconna\u00eetre un utilisateur et ainsi faciliter son utilisation du site). Ceux-ci n\u2019ont aucune signification en dehors de leur utilisation sur le site&nbsp;<a href=\"https:\/\/www.circum-urbem.fr\">https:\/\/www.circum-urbem.fr<\/a>.<\/p>\n\n\n\n<h2 class=\"wp-block-heading\">LIENS HYPERTEXTE<\/h2>\n\n\n\n<p>CIRCUM URBEM  ne contr\u00f4le pas les sites en connexion avec le sien, et ne saurait donc \u00eatre responsable de leur contenu. Les risques li\u00e9s \u00e0 l\u2019utilisation de ces sites incombent pleinement \u00e0 l\u2019utilisateur. Il se conformera \u00e0 leurs conditions d\u2019utilisation.<\/p>\n\n\n\n<h2 class=\"wp-block-heading\">\u00c9DITEUR<\/h2>\n\n\n\n<p>CIRCUM URBEM<br>RCS\u00a0RODEZ : 899\u00a0298\u00a0657<br>Si\u00e8ge social : Maison de l\u2019Economie, 17 rue Aristide Briand 12000 RODEZ.<br>N\u00b0 de t\u00e9l\u00e9phone : 06 80 05 06 71<\/p>\n\n\n\n<h2 class=\"wp-block-heading\">DIRECTEUR DE LA PUBLICATION<\/h2>\n\n\n\n<p>Fabrice METEL<\/p>\n\n\n\n<h2 class=\"wp-block-heading\">H\u00c9BERGEMENT<\/h2>\n\n\n\n<p>OVH \u2013 SAS au capital de 10 069 020 \u20ac<br>RCS Lille M\u00e9tropole 424 761 419 00045<br>Code APE 2620Z<br>N\u00b0 TVA : FR 22 424 761 419<br>Si\u00e8ge social : 2 rue Kellermann \u2013 59100 Roubaix \u2013 France<\/p>\n","protected":false},"excerpt":{"rendered":"<p>CIRCUM URBEM n\u2019enregistre pas d\u2019informations personnelles permettant l\u2019identification, \u00e0 l\u2019exception des formulaires que l\u2019utilisateur est libre de remplir. Ces informations ne seront pas utilis\u00e9es sans votre accord, nous les utiliserons seulement pour vous adresser des courriers, des brochures, des devis ou vous contacter. Les informations recueillies sur les sites b\u00e9n\u00e9ficient de la protection de la [&hellip;]<\/p>\n","protected":false},"author":1,"featured_media":0,"parent":0,"menu_order":0,"comment_status":"closed","ping_status":"closed","template":"","meta":{"_exactmetrics_skip_tracking":false,"_exactmetrics_sitenote_active":false,"_exactmetrics_sitenote_note":"","_exactmetrics_sitenote_category":0,"footnotes":""},"class_list":["post-212","page","type-page","status-publish","hentry"],"yoast_head":"<!-- This site is optimized with the Yoast SEO plugin v27.4 - https:\/\/yoast.com\/product\/yoast-seo-wordpress\/ -->\n<title>Politique de confidentialit\u00e9 - Circum Urbem<\/title>\n<meta name=\"robots\" content=\"index, follow, max-snippet:-1, max-image-preview:large, max-video-preview:-1\" \/>\n<link rel=\"canonical\" href=\"https:\/\/circum-urbem.fr\/?page_id=212\" \/>\n<meta property=\"og:locale\" content=\"fr_FR\" \/>\n<meta property=\"og:type\" content=\"article\" \/>\n<meta property=\"og:title\" content=\"Politique de confidentialit\u00e9 - Circum Urbem\" \/>\n<meta property=\"og:description\" content=\"CIRCUM URBEM n\u2019enregistre pas d\u2019informations personnelles permettant l\u2019identification, \u00e0 l\u2019exception des formulaires que l\u2019utilisateur est libre de remplir. Ces informations ne seront pas utilis\u00e9es sans votre accord, nous les utiliserons seulement pour vous adresser des courriers, des brochures, des devis ou vous contacter. Les informations recueillies sur les sites b\u00e9n\u00e9ficient de la protection de la [&hellip;]\" \/>\n<meta property=\"og:url\" content=\"https:\/\/circum-urbem.fr\/?page_id=212\" \/>\n<meta property=\"og:site_name\" content=\"Circum Urbem\" \/>\n<meta property=\"article:modified_time\" content=\"2021-10-15T08:26:34+00:00\" \/>\n<meta name=\"twitter:card\" content=\"summary_large_image\" \/>\n<meta name=\"twitter:label1\" content=\"Dur\u00e9e de lecture estim\u00e9e\" \/>\n\t<meta name=\"twitter:data1\" content=\"3 minutes\" \/>\n<script type=\"application\/ld+json\" class=\"yoast-schema-graph\">{\"@context\":\"https:\\\/\\\/schema.org\",\"@graph\":[{\"@type\":\"WebPage\",\"@id\":\"https:\\\/\\\/circum-urbem.fr\\\/?page_id=212\",\"url\":\"https:\\\/\\\/circum-urbem.fr\\\/?page_id=212\",\"name\":\"Politique de confidentialit\u00e9 - Circum Urbem\",\"isPartOf\":{\"@id\":\"https:\\\/\\\/circum-urbem.fr\\\/#website\"},\"datePublished\":\"2021-10-11T15:36:11+00:00\",\"dateModified\":\"2021-10-15T08:26:34+00:00\",\"breadcrumb\":{\"@id\":\"https:\\\/\\\/circum-urbem.fr\\\/?page_id=212#breadcrumb\"},\"inLanguage\":\"fr-FR\",\"potentialAction\":[{\"@type\":\"ReadAction\",\"target\":[\"https:\\\/\\\/circum-urbem.fr\\\/?page_id=212\"]}]},{\"@type\":\"BreadcrumbList\",\"@id\":\"https:\\\/\\\/circum-urbem.fr\\\/?page_id=212#breadcrumb\",\"itemListElement\":[{\"@type\":\"ListItem\",\"position\":1,\"name\":\"Accueil\",\"item\":\"https:\\\/\\\/circum-urbem.fr\\\/\"},{\"@type\":\"ListItem\",\"position\":2,\"name\":\"Politique de confidentialit\u00e9\"}]},{\"@type\":\"WebSite\",\"@id\":\"https:\\\/\\\/circum-urbem.fr\\\/#website\",\"url\":\"https:\\\/\\\/circum-urbem.fr\\\/\",\"name\":\"Circum Urbem\",\"description\":\"\",\"publisher\":{\"@id\":\"https:\\\/\\\/circum-urbem.fr\\\/#organization\"},\"potentialAction\":[{\"@type\":\"SearchAction\",\"target\":{\"@type\":\"EntryPoint\",\"urlTemplate\":\"https:\\\/\\\/circum-urbem.fr\\\/?s={search_term_string}\"},\"query-input\":{\"@type\":\"PropertyValueSpecification\",\"valueRequired\":true,\"valueName\":\"search_term_string\"}}],\"inLanguage\":\"fr-FR\"},{\"@type\":\"Organization\",\"@id\":\"https:\\\/\\\/circum-urbem.fr\\\/#organization\",\"name\":\"Circum Urbem\",\"url\":\"https:\\\/\\\/circum-urbem.fr\\\/\",\"logo\":{\"@type\":\"ImageObject\",\"inLanguage\":\"fr-FR\",\"@id\":\"https:\\\/\\\/circum-urbem.fr\\\/#\\\/schema\\\/logo\\\/image\\\/\",\"url\":\"https:\\\/\\\/circum-urbem.fr\\\/wp-content\\\/uploads\\\/2021\\\/09\\\/cropped-Logo_Circum_Urbem-horizontal.png\",\"contentUrl\":\"https:\\\/\\\/circum-urbem.fr\\\/wp-content\\\/uploads\\\/2021\\\/09\\\/cropped-Logo_Circum_Urbem-horizontal.png\",\"width\":1167,\"height\":531,\"caption\":\"Circum Urbem\"},\"image\":{\"@id\":\"https:\\\/\\\/circum-urbem.fr\\\/#\\\/schema\\\/logo\\\/image\\\/\"}}]}<\/script>\n<!-- \/ Yoast SEO plugin. -->","yoast_head_json":{"title":"Politique de confidentialit\u00e9 - Circum Urbem","robots":{"index":"index","follow":"follow","max-snippet":"max-snippet:-1","max-image-preview":"max-image-preview:large","max-video-preview":"max-video-preview:-1"},"canonical":"https:\/\/circum-urbem.fr\/?page_id=212","og_locale":"fr_FR","og_type":"article","og_title":"Politique de confidentialit\u00e9 - Circum Urbem","og_description":"CIRCUM URBEM n\u2019enregistre pas d\u2019informations personnelles permettant l\u2019identification, \u00e0 l\u2019exception des formulaires que l\u2019utilisateur est libre de remplir. Ces informations ne seront pas utilis\u00e9es sans votre accord, nous les utiliserons seulement pour vous adresser des courriers, des brochures, des devis ou vous contacter. Les informations recueillies sur les sites b\u00e9n\u00e9ficient de la protection de la [&hellip;]","og_url":"https:\/\/circum-urbem.fr\/?page_id=212","og_site_name":"Circum Urbem","article_modified_time":"2021-10-15T08:26:34+00:00","twitter_card":"summary_large_image","twitter_misc":{"Dur\u00e9e de lecture estim\u00e9e":"3 minutes"},"schema":{"@context":"https:\/\/schema.org","@graph":[{"@type":"WebPage","@id":"https:\/\/circum-urbem.fr\/?page_id=212","url":"https:\/\/circum-urbem.fr\/?page_id=212","name":"Politique de confidentialit\u00e9 - Circum Urbem","isPartOf":{"@id":"https:\/\/circum-urbem.fr\/#website"},"datePublished":"2021-10-11T15:36:11+00:00","dateModified":"2021-10-15T08:26:34+00:00","breadcrumb":{"@id":"https:\/\/circum-urbem.fr\/?page_id=212#breadcrumb"},"inLanguage":"fr-FR","potentialAction":[{"@type":"ReadAction","target":["https:\/\/circum-urbem.fr\/?page_id=212"]}]},{"@type":"BreadcrumbList","@id":"https:\/\/circum-urbem.fr\/?page_id=212#breadcrumb","itemListElement":[{"@type":"ListItem","position":1,"name":"Accueil","item":"https:\/\/circum-urbem.fr\/"},{"@type":"ListItem","position":2,"name":"Politique de confidentialit\u00e9"}]},{"@type":"WebSite","@id":"https:\/\/circum-urbem.fr\/#website","url":"https:\/\/circum-urbem.fr\/","name":"Circum Urbem","description":"","publisher":{"@id":"https:\/\/circum-urbem.fr\/#organization"},"potentialAction":[{"@type":"SearchAction","target":{"@type":"EntryPoint","urlTemplate":"https:\/\/circum-urbem.fr\/?s={search_term_string}"},"query-input":{"@type":"PropertyValueSpecification","valueRequired":true,"valueName":"search_term_string"}}],"inLanguage":"fr-FR"},{"@type":"Organization","@id":"https:\/\/circum-urbem.fr\/#organization","name":"Circum Urbem","url":"https:\/\/circum-urbem.fr\/","logo":{"@type":"ImageObject","inLanguage":"fr-FR","@id":"https:\/\/circum-urbem.fr\/#\/schema\/logo\/image\/","url":"https:\/\/circum-urbem.fr\/wp-content\/uploads\/2021\/09\/cropped-Logo_Circum_Urbem-horizontal.png","contentUrl":"https:\/\/circum-urbem.fr\/wp-content\/uploads\/2021\/09\/cropped-Logo_Circum_Urbem-horizontal.png","width":1167,"height":531,"caption":"Circum Urbem"},"image":{"@id":"https:\/\/circum-urbem.fr\/#\/schema\/logo\/image\/"}}]}},"_links":{"self":[{"href":"https:\/\/circum-urbem.fr\/index.php?rest_route=\/wp\/v2\/pages\/212","targetHints":{"allow":["GET"]}}],"collection":[{"href":"https:\/\/circum-urbem.fr\/index.php?rest_route=\/wp\/v2\/pages"}],"about":[{"href":"https:\/\/circum-urbem.fr\/index.php?rest_route=\/wp\/v2\/types\/page"}],"author":[{"embeddable":true,"href":"https:\/\/circum-urbem.fr\/index.php?rest_route=\/wp\/v2\/users\/1"}],"replies":[{"embeddable":true,"href":"https:\/\/circum-urbem.fr\/index.php?rest_route=%2Fwp%2Fv2%2Fcomments&post=212"}],"version-history":[{"count":2,"href":"https:\/\/circum-urbem.fr\/index.php?rest_route=\/wp\/v2\/pages\/212\/revisions"}],"predecessor-version":[{"id":221,"href":"https:\/\/circum-urbem.fr\/index.php?rest_route=\/wp\/v2\/pages\/212\/revisions\/221"}],"wp:attachment":[{"href":"https:\/\/circum-urbem.fr\/index.php?rest_route=%2Fwp%2Fv2%2Fmedia&parent=212"}],"curies":[{"name":"wp","href":"https:\/\/api.w.org\/{rel}","templated":true}]}}