{"id":161,"date":"2021-09-22T18:30:21","date_gmt":"2021-09-22T16:30:21","guid":{"rendered":"http:\/\/circum-urbem.fr\/?page_id=161"},"modified":"2021-10-18T15:23:15","modified_gmt":"2021-10-18T13:23:15","slug":"exemples-de-realisations","status":"publish","type":"page","link":"https:\/\/circum-urbem.fr\/?page_id=161","title":{"rendered":"EXEMPLES DE REALISATIONS"},"content":{"rendered":"\n<figure class=\"wp-block-gallery alignwide columns-2 is-cropped wp-block-gallery-1 is-layout-flex wp-block-gallery-is-layout-flex\"><ul class=\"blocks-gallery-grid\"><li class=\"blocks-gallery-item\"><figure><img loading=\"lazy\" decoding=\"async\" width=\"1024\" height=\"715\" src=\"https:\/\/circum-urbem.fr\/wp-content\/uploads\/2021\/09\/Ref-CD66-1024x715.jpg\" alt=\"\" data-id=\"162\" data-link=\"https:\/\/circum-urbem.fr\/?attachment_id=162\" class=\"wp-image-162\" srcset=\"https:\/\/circum-urbem.fr\/wp-content\/uploads\/2021\/09\/Ref-CD66-1024x715.jpg 1024w, https:\/\/circum-urbem.fr\/wp-content\/uploads\/2021\/09\/Ref-CD66-300x209.jpg 300w, https:\/\/circum-urbem.fr\/wp-content\/uploads\/2021\/09\/Ref-CD66-768x536.jpg 768w, https:\/\/circum-urbem.fr\/wp-content\/uploads\/2021\/09\/Ref-CD66-1536x1072.jpg 1536w, https:\/\/circum-urbem.fr\/wp-content\/uploads\/2021\/09\/Ref-CD66-2048x1430.jpg 2048w, https:\/\/circum-urbem.fr\/wp-content\/uploads\/2021\/09\/Ref-CD66-1200x838.jpg 1200w, https:\/\/circum-urbem.fr\/wp-content\/uploads\/2021\/09\/Ref-CD66-1980x1382.jpg 1980w\" sizes=\"auto, (max-width: 1024px) 100vw, 1024px\" \/><figcaption class=\"blocks-gallery-item__caption\">D\u00e9partement des Pyr\u00e9n\u00e9es Orientales <br>Contournement sud de Perpignan<\/figcaption><\/figure><\/li><li class=\"blocks-gallery-item\"><figure><img loading=\"lazy\" decoding=\"async\" width=\"1024\" height=\"703\" src=\"https:\/\/circum-urbem.fr\/wp-content\/uploads\/2021\/09\/Ref-ASF-1024x703.jpg\" alt=\"\" data-id=\"163\" data-link=\"https:\/\/circum-urbem.fr\/?attachment_id=163\" class=\"wp-image-163\" srcset=\"https:\/\/circum-urbem.fr\/wp-content\/uploads\/2021\/09\/Ref-ASF-1024x703.jpg 1024w, https:\/\/circum-urbem.fr\/wp-content\/uploads\/2021\/09\/Ref-ASF-300x206.jpg 300w, https:\/\/circum-urbem.fr\/wp-content\/uploads\/2021\/09\/Ref-ASF-768x528.jpg 768w, https:\/\/circum-urbem.fr\/wp-content\/uploads\/2021\/09\/Ref-ASF-1536x1055.jpg 1536w, https:\/\/circum-urbem.fr\/wp-content\/uploads\/2021\/09\/Ref-ASF-2048x1407.jpg 2048w, https:\/\/circum-urbem.fr\/wp-content\/uploads\/2021\/09\/Ref-ASF-1200x824.jpg 1200w, https:\/\/circum-urbem.fr\/wp-content\/uploads\/2021\/09\/Ref-ASF-1980x1360.jpg 1980w\" sizes=\"auto, (max-width: 1024px) 100vw, 1024px\" \/><figcaption class=\"blocks-gallery-item__caption\">Vinci Autoroutes<br>Fermeture de l&rsquo;A20 &#8211; Mise en place d&rsquo;une d\u00e9viation<\/figcaption><\/figure><\/li><\/ul><\/figure>\n\n\n\n<figure class=\"wp-block-gallery alignwide columns-2 is-cropped wp-block-gallery-2 is-layout-flex wp-block-gallery-is-layout-flex\"><ul class=\"blocks-gallery-grid\"><li class=\"blocks-gallery-item\"><figure><img loading=\"lazy\" decoding=\"async\" width=\"1024\" height=\"731\" src=\"https:\/\/circum-urbem.fr\/wp-content\/uploads\/2021\/09\/Ref-SEMA71-1-1024x731.jpg\" alt=\"\" data-id=\"167\" data-link=\"https:\/\/circum-urbem.fr\/?attachment_id=167\" class=\"wp-image-167\" srcset=\"https:\/\/circum-urbem.fr\/wp-content\/uploads\/2021\/09\/Ref-SEMA71-1-1024x731.jpg 1024w, https:\/\/circum-urbem.fr\/wp-content\/uploads\/2021\/09\/Ref-SEMA71-1-300x214.jpg 300w, https:\/\/circum-urbem.fr\/wp-content\/uploads\/2021\/09\/Ref-SEMA71-1-768x548.jpg 768w, https:\/\/circum-urbem.fr\/wp-content\/uploads\/2021\/09\/Ref-SEMA71-1-1536x1096.jpg 1536w, https:\/\/circum-urbem.fr\/wp-content\/uploads\/2021\/09\/Ref-SEMA71-1-2048x1461.jpg 2048w, https:\/\/circum-urbem.fr\/wp-content\/uploads\/2021\/09\/Ref-SEMA71-1-1200x856.jpg 1200w, https:\/\/circum-urbem.fr\/wp-content\/uploads\/2021\/09\/Ref-SEMA71-1-1980x1413.jpg 1980w\" sizes=\"auto, (max-width: 1024px) 100vw, 1024px\" \/><figcaption class=\"blocks-gallery-item__caption\">SEMA71<br>ZAC Saone Digital \u00e0 M\u00e2con<\/figcaption><\/figure><\/li><li class=\"blocks-gallery-item\"><figure><img loading=\"lazy\" decoding=\"async\" width=\"1024\" height=\"702\" src=\"https:\/\/circum-urbem.fr\/wp-content\/uploads\/2021\/09\/Ref-Combloux-1024x702.jpg\" alt=\"\" data-id=\"168\" data-full-url=\"https:\/\/circum-urbem.fr\/wp-content\/uploads\/2021\/09\/Ref-Combloux-scaled.jpg\" data-link=\"https:\/\/circum-urbem.fr\/?attachment_id=168\" class=\"wp-image-168\" srcset=\"https:\/\/circum-urbem.fr\/wp-content\/uploads\/2021\/09\/Ref-Combloux-1024x702.jpg 1024w, https:\/\/circum-urbem.fr\/wp-content\/uploads\/2021\/09\/Ref-Combloux-300x206.jpg 300w, https:\/\/circum-urbem.fr\/wp-content\/uploads\/2021\/09\/Ref-Combloux-768x527.jpg 768w, https:\/\/circum-urbem.fr\/wp-content\/uploads\/2021\/09\/Ref-Combloux-1536x1053.jpg 1536w, https:\/\/circum-urbem.fr\/wp-content\/uploads\/2021\/09\/Ref-Combloux-2048x1404.jpg 2048w, https:\/\/circum-urbem.fr\/wp-content\/uploads\/2021\/09\/Ref-Combloux-1200x823.jpg 1200w, https:\/\/circum-urbem.fr\/wp-content\/uploads\/2021\/09\/Ref-Combloux-1980x1358.jpg 1980w\" sizes=\"auto, (max-width: 1024px) 100vw, 1024px\" \/><figcaption class=\"blocks-gallery-item__caption\">Combloux<br>R\u00e9organisation du centre-bourg<\/figcaption><\/figure><\/li><\/ul><\/figure>\n\n\n\n<figure class=\"wp-block-gallery alignwide columns-2 is-cropped wp-block-gallery-3 is-layout-flex wp-block-gallery-is-layout-flex\"><ul class=\"blocks-gallery-grid\"><li class=\"blocks-gallery-item\"><figure><img loading=\"lazy\" decoding=\"async\" width=\"1024\" height=\"729\" src=\"https:\/\/circum-urbem.fr\/wp-content\/uploads\/2021\/09\/Ref-CATLP-1024x729.jpg\" alt=\"\" data-id=\"169\" data-link=\"https:\/\/circum-urbem.fr\/?attachment_id=169\" class=\"wp-image-169\" srcset=\"https:\/\/circum-urbem.fr\/wp-content\/uploads\/2021\/09\/Ref-CATLP-1024x729.jpg 1024w, https:\/\/circum-urbem.fr\/wp-content\/uploads\/2021\/09\/Ref-CATLP-300x214.jpg 300w, https:\/\/circum-urbem.fr\/wp-content\/uploads\/2021\/09\/Ref-CATLP-768x547.jpg 768w, https:\/\/circum-urbem.fr\/wp-content\/uploads\/2021\/09\/Ref-CATLP-1536x1094.jpg 1536w, https:\/\/circum-urbem.fr\/wp-content\/uploads\/2021\/09\/Ref-CATLP-2048x1458.jpg 2048w, https:\/\/circum-urbem.fr\/wp-content\/uploads\/2021\/09\/Ref-CATLP-1200x855.jpg 1200w, https:\/\/circum-urbem.fr\/wp-content\/uploads\/2021\/09\/Ref-CATLP-1980x1410.jpg 1980w\" sizes=\"auto, (max-width: 1024px) 100vw, 1024px\" \/><figcaption class=\"blocks-gallery-item__caption\">Tarbes Lourdes Pyr\u00e9n\u00e9es<br>Sch\u00e9ma Directeur Modes Actifs<\/figcaption><\/figure><\/li><li class=\"blocks-gallery-item\"><figure><img loading=\"lazy\" decoding=\"async\" width=\"1024\" height=\"712\" src=\"https:\/\/circum-urbem.fr\/wp-content\/uploads\/2021\/09\/Ref-Martigues-1-1024x712.jpg\" alt=\"\" data-id=\"170\" data-full-url=\"https:\/\/circum-urbem.fr\/wp-content\/uploads\/2021\/09\/Ref-Martigues-1-scaled.jpg\" data-link=\"https:\/\/circum-urbem.fr\/?attachment_id=170\" class=\"wp-image-170\" srcset=\"https:\/\/circum-urbem.fr\/wp-content\/uploads\/2021\/09\/Ref-Martigues-1-1024x712.jpg 1024w, https:\/\/circum-urbem.fr\/wp-content\/uploads\/2021\/09\/Ref-Martigues-1-300x209.jpg 300w, https:\/\/circum-urbem.fr\/wp-content\/uploads\/2021\/09\/Ref-Martigues-1-768x534.jpg 768w, https:\/\/circum-urbem.fr\/wp-content\/uploads\/2021\/09\/Ref-Martigues-1-1536x1068.jpg 1536w, https:\/\/circum-urbem.fr\/wp-content\/uploads\/2021\/09\/Ref-Martigues-1-2048x1424.jpg 2048w, https:\/\/circum-urbem.fr\/wp-content\/uploads\/2021\/09\/Ref-Martigues-1-1200x834.jpg 1200w, https:\/\/circum-urbem.fr\/wp-content\/uploads\/2021\/09\/Ref-Martigues-1-1980x1377.jpg 1980w\" sizes=\"auto, (max-width: 1024px) 100vw, 1024px\" \/><figcaption class=\"blocks-gallery-item__caption\">Martigues<br>Plan V\u00e9lo<\/figcaption><\/figure><\/li><\/ul><\/figure>\n\n\n\n<figure class=\"wp-block-gallery alignwide columns-2 is-cropped wp-block-gallery-4 is-layout-flex wp-block-gallery-is-layout-flex\"><ul class=\"blocks-gallery-grid\"><li class=\"blocks-gallery-item\"><figure><img loading=\"lazy\" decoding=\"async\" width=\"1024\" height=\"741\" src=\"https:\/\/circum-urbem.fr\/wp-content\/uploads\/2021\/09\/Ref-M3M-1-1024x741.jpg\" alt=\"\" data-id=\"171\" data-link=\"https:\/\/circum-urbem.fr\/?attachment_id=171\" class=\"wp-image-171\" srcset=\"https:\/\/circum-urbem.fr\/wp-content\/uploads\/2021\/09\/Ref-M3M-1-1024x741.jpg 1024w, https:\/\/circum-urbem.fr\/wp-content\/uploads\/2021\/09\/Ref-M3M-1-300x217.jpg 300w, https:\/\/circum-urbem.fr\/wp-content\/uploads\/2021\/09\/Ref-M3M-1-768x556.jpg 768w, https:\/\/circum-urbem.fr\/wp-content\/uploads\/2021\/09\/Ref-M3M-1-1536x1111.jpg 1536w, https:\/\/circum-urbem.fr\/wp-content\/uploads\/2021\/09\/Ref-M3M-1-2048x1481.jpg 2048w, https:\/\/circum-urbem.fr\/wp-content\/uploads\/2021\/09\/Ref-M3M-1-1200x868.jpg 1200w, https:\/\/circum-urbem.fr\/wp-content\/uploads\/2021\/09\/Ref-M3M-1-1980x1432.jpg 1980w\" sizes=\"auto, (max-width: 1024px) 100vw, 1024px\" \/><figcaption class=\"blocks-gallery-item__caption\">Montpellier M\u00e9diterran\u00e9e M\u00e9tropole<br>Etudes de S\u00e9curit\u00e9<\/figcaption><\/figure><\/li><li class=\"blocks-gallery-item\"><figure><img loading=\"lazy\" decoding=\"async\" width=\"1024\" height=\"723\" src=\"https:\/\/circum-urbem.fr\/wp-content\/uploads\/2021\/09\/Ref-CD13-1024x723.jpg\" alt=\"\" data-id=\"172\" data-full-url=\"https:\/\/circum-urbem.fr\/wp-content\/uploads\/2021\/09\/Ref-CD13-scaled.jpg\" data-link=\"https:\/\/circum-urbem.fr\/?attachment_id=172\" class=\"wp-image-172\" srcset=\"https:\/\/circum-urbem.fr\/wp-content\/uploads\/2021\/09\/Ref-CD13-1024x723.jpg 1024w, https:\/\/circum-urbem.fr\/wp-content\/uploads\/2021\/09\/Ref-CD13-300x212.jpg 300w, https:\/\/circum-urbem.fr\/wp-content\/uploads\/2021\/09\/Ref-CD13-768x542.jpg 768w, https:\/\/circum-urbem.fr\/wp-content\/uploads\/2021\/09\/Ref-CD13-1536x1084.jpg 1536w, https:\/\/circum-urbem.fr\/wp-content\/uploads\/2021\/09\/Ref-CD13-2048x1446.jpg 2048w, https:\/\/circum-urbem.fr\/wp-content\/uploads\/2021\/09\/Ref-CD13-1200x847.jpg 1200w, https:\/\/circum-urbem.fr\/wp-content\/uploads\/2021\/09\/Ref-CD13-1980x1398.jpg 1980w\" sizes=\"auto, (max-width: 1024px) 100vw, 1024px\" \/><figcaption class=\"blocks-gallery-item__caption\">D\u00e9partement des Bouches du Rh\u00f4ne<br>Etudes de S\u00e9curit\u00e9<\/figcaption><\/figure><\/li><\/ul><\/figure>\n","protected":false},"excerpt":{"rendered":"","protected":false},"author":1,"featured_media":0,"parent":0,"menu_order":0,"comment_status":"closed","ping_status":"closed","template":"","meta":{"_exactmetrics_skip_tracking":false,"_exactmetrics_sitenote_active":false,"_exactmetrics_sitenote_note":"","_exactmetrics_sitenote_category":0,"footnotes":""},"class_list":["post-161","page","type-page","status-publish","hentry"],"yoast_head":"<!-- This site is optimized with the Yoast SEO plugin v27.4 - https:\/\/yoast.com\/product\/yoast-seo-wordpress\/ -->\n<title>EXEMPLES DE REALISATIONS - Circum Urbem<\/title>\n<meta name=\"robots\" content=\"index, follow, max-snippet:-1, max-image-preview:large, max-video-preview:-1\" \/>\n<link rel=\"canonical\" href=\"https:\/\/circum-urbem.fr\/?page_id=161\" \/>\n<meta property=\"og:locale\" content=\"fr_FR\" \/>\n<meta property=\"og:type\" content=\"article\" \/>\n<meta property=\"og:title\" content=\"EXEMPLES DE REALISATIONS - Circum Urbem\" \/>\n<meta property=\"og:url\" content=\"https:\/\/circum-urbem.fr\/?page_id=161\" \/>\n<meta property=\"og:site_name\" content=\"Circum Urbem\" \/>\n<meta property=\"article:modified_time\" content=\"2021-10-18T13:23:15+00:00\" \/>\n<meta property=\"og:image\" content=\"http:\/\/circum-urbem.fr\/wp-content\/uploads\/2021\/09\/Ref-CD66-1024x715.jpg\" \/>\n<meta name=\"twitter:card\" content=\"summary_large_image\" \/>\n<meta name=\"twitter:label1\" content=\"Dur\u00e9e de lecture estim\u00e9e\" \/>\n\t<meta name=\"twitter:data1\" content=\"2 minutes\" \/>\n<script type=\"application\/ld+json\" class=\"yoast-schema-graph\">{\"@context\":\"https:\\\/\\\/schema.org\",\"@graph\":[{\"@type\":\"WebPage\",\"@id\":\"https:\\\/\\\/circum-urbem.fr\\\/?page_id=161\",\"url\":\"https:\\\/\\\/circum-urbem.fr\\\/?page_id=161\",\"name\":\"EXEMPLES DE REALISATIONS - Circum Urbem\",\"isPartOf\":{\"@id\":\"https:\\\/\\\/circum-urbem.fr\\\/#website\"},\"primaryImageOfPage\":{\"@id\":\"https:\\\/\\\/circum-urbem.fr\\\/?page_id=161#primaryimage\"},\"image\":{\"@id\":\"https:\\\/\\\/circum-urbem.fr\\\/?page_id=161#primaryimage\"},\"thumbnailUrl\":\"http:\\\/\\\/circum-urbem.fr\\\/wp-content\\\/uploads\\\/2021\\\/09\\\/Ref-CD66-1024x715.jpg\",\"datePublished\":\"2021-09-22T16:30:21+00:00\",\"dateModified\":\"2021-10-18T13:23:15+00:00\",\"breadcrumb\":{\"@id\":\"https:\\\/\\\/circum-urbem.fr\\\/?page_id=161#breadcrumb\"},\"inLanguage\":\"fr-FR\",\"potentialAction\":[{\"@type\":\"ReadAction\",\"target\":[\"https:\\\/\\\/circum-urbem.fr\\\/?page_id=161\"]}]},{\"@type\":\"ImageObject\",\"inLanguage\":\"fr-FR\",\"@id\":\"https:\\\/\\\/circum-urbem.fr\\\/?page_id=161#primaryimage\",\"url\":\"http:\\\/\\\/circum-urbem.fr\\\/wp-content\\\/uploads\\\/2021\\\/09\\\/Ref-CD66-1024x715.jpg\",\"contentUrl\":\"http:\\\/\\\/circum-urbem.fr\\\/wp-content\\\/uploads\\\/2021\\\/09\\\/Ref-CD66-1024x715.jpg\"},{\"@type\":\"BreadcrumbList\",\"@id\":\"https:\\\/\\\/circum-urbem.fr\\\/?page_id=161#breadcrumb\",\"itemListElement\":[{\"@type\":\"ListItem\",\"position\":1,\"name\":\"Accueil\",\"item\":\"https:\\\/\\\/circum-urbem.fr\\\/\"},{\"@type\":\"ListItem\",\"position\":2,\"name\":\"EXEMPLES DE REALISATIONS\"}]},{\"@type\":\"WebSite\",\"@id\":\"https:\\\/\\\/circum-urbem.fr\\\/#website\",\"url\":\"https:\\\/\\\/circum-urbem.fr\\\/\",\"name\":\"Circum Urbem\",\"description\":\"\",\"publisher\":{\"@id\":\"https:\\\/\\\/circum-urbem.fr\\\/#organization\"},\"potentialAction\":[{\"@type\":\"SearchAction\",\"target\":{\"@type\":\"EntryPoint\",\"urlTemplate\":\"https:\\\/\\\/circum-urbem.fr\\\/?s={search_term_string}\"},\"query-input\":{\"@type\":\"PropertyValueSpecification\",\"valueRequired\":true,\"valueName\":\"search_term_string\"}}],\"inLanguage\":\"fr-FR\"},{\"@type\":\"Organization\",\"@id\":\"https:\\\/\\\/circum-urbem.fr\\\/#organization\",\"name\":\"Circum Urbem\",\"url\":\"https:\\\/\\\/circum-urbem.fr\\\/\",\"logo\":{\"@type\":\"ImageObject\",\"inLanguage\":\"fr-FR\",\"@id\":\"https:\\\/\\\/circum-urbem.fr\\\/#\\\/schema\\\/logo\\\/image\\\/\",\"url\":\"https:\\\/\\\/circum-urbem.fr\\\/wp-content\\\/uploads\\\/2021\\\/09\\\/cropped-Logo_Circum_Urbem-horizontal.png\",\"contentUrl\":\"https:\\\/\\\/circum-urbem.fr\\\/wp-content\\\/uploads\\\/2021\\\/09\\\/cropped-Logo_Circum_Urbem-horizontal.png\",\"width\":1167,\"height\":531,\"caption\":\"Circum Urbem\"},\"image\":{\"@id\":\"https:\\\/\\\/circum-urbem.fr\\\/#\\\/schema\\\/logo\\\/image\\\/\"}}]}<\/script>\n<!-- \/ Yoast SEO plugin. -->","yoast_head_json":{"title":"EXEMPLES DE REALISATIONS - Circum Urbem","robots":{"index":"index","follow":"follow","max-snippet":"max-snippet:-1","max-image-preview":"max-image-preview:large","max-video-preview":"max-video-preview:-1"},"canonical":"https:\/\/circum-urbem.fr\/?page_id=161","og_locale":"fr_FR","og_type":"article","og_title":"EXEMPLES DE REALISATIONS - Circum Urbem","og_url":"https:\/\/circum-urbem.fr\/?page_id=161","og_site_name":"Circum Urbem","article_modified_time":"2021-10-18T13:23:15+00:00","og_image":[{"url":"http:\/\/circum-urbem.fr\/wp-content\/uploads\/2021\/09\/Ref-CD66-1024x715.jpg","type":"","width":"","height":""}],"twitter_card":"summary_large_image","twitter_misc":{"Dur\u00e9e de lecture estim\u00e9e":"2 minutes"},"schema":{"@context":"https:\/\/schema.org","@graph":[{"@type":"WebPage","@id":"https:\/\/circum-urbem.fr\/?page_id=161","url":"https:\/\/circum-urbem.fr\/?page_id=161","name":"EXEMPLES DE REALISATIONS - Circum Urbem","isPartOf":{"@id":"https:\/\/circum-urbem.fr\/#website"},"primaryImageOfPage":{"@id":"https:\/\/circum-urbem.fr\/?page_id=161#primaryimage"},"image":{"@id":"https:\/\/circum-urbem.fr\/?page_id=161#primaryimage"},"thumbnailUrl":"http:\/\/circum-urbem.fr\/wp-content\/uploads\/2021\/09\/Ref-CD66-1024x715.jpg","datePublished":"2021-09-22T16:30:21+00:00","dateModified":"2021-10-18T13:23:15+00:00","breadcrumb":{"@id":"https:\/\/circum-urbem.fr\/?page_id=161#breadcrumb"},"inLanguage":"fr-FR","potentialAction":[{"@type":"ReadAction","target":["https:\/\/circum-urbem.fr\/?page_id=161"]}]},{"@type":"ImageObject","inLanguage":"fr-FR","@id":"https:\/\/circum-urbem.fr\/?page_id=161#primaryimage","url":"http:\/\/circum-urbem.fr\/wp-content\/uploads\/2021\/09\/Ref-CD66-1024x715.jpg","contentUrl":"http:\/\/circum-urbem.fr\/wp-content\/uploads\/2021\/09\/Ref-CD66-1024x715.jpg"},{"@type":"BreadcrumbList","@id":"https:\/\/circum-urbem.fr\/?page_id=161#breadcrumb","itemListElement":[{"@type":"ListItem","position":1,"name":"Accueil","item":"https:\/\/circum-urbem.fr\/"},{"@type":"ListItem","position":2,"name":"EXEMPLES DE REALISATIONS"}]},{"@type":"WebSite","@id":"https:\/\/circum-urbem.fr\/#website","url":"https:\/\/circum-urbem.fr\/","name":"Circum Urbem","description":"","publisher":{"@id":"https:\/\/circum-urbem.fr\/#organization"},"potentialAction":[{"@type":"SearchAction","target":{"@type":"EntryPoint","urlTemplate":"https:\/\/circum-urbem.fr\/?s={search_term_string}"},"query-input":{"@type":"PropertyValueSpecification","valueRequired":true,"valueName":"search_term_string"}}],"inLanguage":"fr-FR"},{"@type":"Organization","@id":"https:\/\/circum-urbem.fr\/#organization","name":"Circum Urbem","url":"https:\/\/circum-urbem.fr\/","logo":{"@type":"ImageObject","inLanguage":"fr-FR","@id":"https:\/\/circum-urbem.fr\/#\/schema\/logo\/image\/","url":"https:\/\/circum-urbem.fr\/wp-content\/uploads\/2021\/09\/cropped-Logo_Circum_Urbem-horizontal.png","contentUrl":"https:\/\/circum-urbem.fr\/wp-content\/uploads\/2021\/09\/cropped-Logo_Circum_Urbem-horizontal.png","width":1167,"height":531,"caption":"Circum Urbem"},"image":{"@id":"https:\/\/circum-urbem.fr\/#\/schema\/logo\/image\/"}}]}},"_links":{"self":[{"href":"https:\/\/circum-urbem.fr\/index.php?rest_route=\/wp\/v2\/pages\/161","targetHints":{"allow":["GET"]}}],"collection":[{"href":"https:\/\/circum-urbem.fr\/index.php?rest_route=\/wp\/v2\/pages"}],"about":[{"href":"https:\/\/circum-urbem.fr\/index.php?rest_route=\/wp\/v2\/types\/page"}],"author":[{"embeddable":true,"href":"https:\/\/circum-urbem.fr\/index.php?rest_route=\/wp\/v2\/users\/1"}],"replies":[{"embeddable":true,"href":"https:\/\/circum-urbem.fr\/index.php?rest_route=%2Fwp%2Fv2%2Fcomments&post=161"}],"version-history":[{"count":4,"href":"https:\/\/circum-urbem.fr\/index.php?rest_route=\/wp\/v2\/pages\/161\/revisions"}],"predecessor-version":[{"id":202,"href":"https:\/\/circum-urbem.fr\/index.php?rest_route=\/wp\/v2\/pages\/161\/revisions\/202"}],"wp:attachment":[{"href":"https:\/\/circum-urbem.fr\/index.php?rest_route=%2Fwp%2Fv2%2Fmedia&parent=161"}],"curies":[{"name":"wp","href":"https:\/\/api.w.org\/{rel}","templated":true}]}}