{"id":126,"date":"2021-09-22T14:26:40","date_gmt":"2021-09-22T12:26:40","guid":{"rendered":"http:\/\/circum-urbem.fr\/?page_id=126"},"modified":"2023-09-21T15:09:10","modified_gmt":"2023-09-21T13:09:10","slug":"bureau-etude-ingenierie-trafic","status":"publish","type":"page","link":"https:\/\/circum-urbem.fr\/","title":{"rendered":"LA MOBILITE AU QUOTIDIEN"},"content":{"rendered":"\n<h3 class=\"wp-block-heading alignwide has-text-align-center\">Bureau d&rsquo;\u00e9tude sp\u00e9cialis\u00e9 en ing\u00e9nierie du trafic et des d\u00e9placements, les \u00e9quipements et l&rsquo;exploitation de la route. <\/h3>\n\n\n\n<p><\/p>\n\n\n\n<figure class=\"wp-block-image alignwide size-large\"><a href=\"https:\/\/circum-urbem.fr\/?page_id=39\"><img loading=\"lazy\" decoding=\"async\" width=\"1024\" height=\"680\" src=\"https:\/\/circum-urbem.fr\/wp-content\/uploads\/2021\/09\/Accueil-v3-1024x680.jpg\" alt=\"\" class=\"wp-image-155\" srcset=\"https:\/\/circum-urbem.fr\/wp-content\/uploads\/2021\/09\/Accueil-v3-1024x680.jpg 1024w, https:\/\/circum-urbem.fr\/wp-content\/uploads\/2021\/09\/Accueil-v3-300x199.jpg 300w, https:\/\/circum-urbem.fr\/wp-content\/uploads\/2021\/09\/Accueil-v3-768x510.jpg 768w, https:\/\/circum-urbem.fr\/wp-content\/uploads\/2021\/09\/Accueil-v3-1536x1021.jpg 1536w, https:\/\/circum-urbem.fr\/wp-content\/uploads\/2021\/09\/Accueil-v3-2048x1361.jpg 2048w, https:\/\/circum-urbem.fr\/wp-content\/uploads\/2021\/09\/Accueil-v3-1200x797.jpg 1200w, https:\/\/circum-urbem.fr\/wp-content\/uploads\/2021\/09\/Accueil-v3-1980x1316.jpg 1980w\" sizes=\"auto, (max-width: 1024px) 100vw, 1024px\" \/><\/a><\/figure>\n","protected":false},"excerpt":{"rendered":"<p>Bureau d&rsquo;\u00e9tude sp\u00e9cialis\u00e9 en ing\u00e9nierie du trafic et des d\u00e9placements, les \u00e9quipements et l&rsquo;exploitation de la route.<\/p>\n","protected":false},"author":1,"featured_media":0,"parent":0,"menu_order":1,"comment_status":"closed","ping_status":"closed","template":"","meta":{"_exactmetrics_skip_tracking":false,"_exactmetrics_sitenote_active":false,"_exactmetrics_sitenote_note":"","_exactmetrics_sitenote_category":0,"footnotes":""},"class_list":["post-126","page","type-page","status-publish","hentry"],"yoast_head":"<!-- This site is optimized with the Yoast SEO plugin v27.4 - https:\/\/yoast.com\/product\/yoast-seo-wordpress\/ -->\n<title>Bureau d&#039;\u00e9tude ing\u00e9n\u00e9rie du trafic - Rodez - Circum Urbem<\/title>\n<meta name=\"description\" content=\"Bureau d\u2019\u00e9tude sp\u00e9cialis\u00e9 en ing\u00e9nierie du trafic et des d\u00e9placements, les \u00e9quipements et l\u2019exploitation de la route.\" \/>\n<meta name=\"robots\" content=\"index, follow, max-snippet:-1, max-image-preview:large, max-video-preview:-1\" \/>\n<link rel=\"canonical\" href=\"https:\/\/circum-urbem.fr\/\" \/>\n<meta property=\"og:locale\" content=\"fr_FR\" \/>\n<meta property=\"og:type\" content=\"article\" \/>\n<meta property=\"og:title\" content=\"Bureau d&#039;\u00e9tude ing\u00e9n\u00e9rie du trafic - Rodez - Circum Urbem\" \/>\n<meta property=\"og:description\" content=\"Bureau d\u2019\u00e9tude sp\u00e9cialis\u00e9 en ing\u00e9nierie du trafic et des d\u00e9placements, les \u00e9quipements et l\u2019exploitation de la route.\" \/>\n<meta property=\"og:url\" content=\"https:\/\/circum-urbem.fr\/\" \/>\n<meta property=\"og:site_name\" content=\"Circum Urbem\" \/>\n<meta property=\"article:modified_time\" content=\"2023-09-21T13:09:10+00:00\" \/>\n<meta property=\"og:image\" content=\"http:\/\/circum-urbem.fr\/wp-content\/uploads\/2021\/09\/Accueil-v3-1024x680.jpg\" \/>\n<meta name=\"twitter:card\" content=\"summary_large_image\" \/>\n<meta name=\"twitter:label1\" content=\"Dur\u00e9e de lecture estim\u00e9e\" \/>\n\t<meta name=\"twitter:data1\" content=\"1 minute\" \/>\n<script type=\"application\/ld+json\" class=\"yoast-schema-graph\">{\"@context\":\"https:\\\/\\\/schema.org\",\"@graph\":[{\"@type\":\"WebPage\",\"@id\":\"https:\\\/\\\/circum-urbem.fr\\\/\",\"url\":\"https:\\\/\\\/circum-urbem.fr\\\/\",\"name\":\"Bureau d'\u00e9tude ing\u00e9n\u00e9rie du trafic - Rodez - Circum Urbem\",\"isPartOf\":{\"@id\":\"https:\\\/\\\/circum-urbem.fr\\\/#website\"},\"primaryImageOfPage\":{\"@id\":\"https:\\\/\\\/circum-urbem.fr\\\/#primaryimage\"},\"image\":{\"@id\":\"https:\\\/\\\/circum-urbem.fr\\\/#primaryimage\"},\"thumbnailUrl\":\"http:\\\/\\\/circum-urbem.fr\\\/wp-content\\\/uploads\\\/2021\\\/09\\\/Accueil-v3-1024x680.jpg\",\"datePublished\":\"2021-09-22T12:26:40+00:00\",\"dateModified\":\"2023-09-21T13:09:10+00:00\",\"description\":\"Bureau d\u2019\u00e9tude sp\u00e9cialis\u00e9 en ing\u00e9nierie du trafic et des d\u00e9placements, les \u00e9quipements et l\u2019exploitation de la route.\",\"breadcrumb\":{\"@id\":\"https:\\\/\\\/circum-urbem.fr\\\/#breadcrumb\"},\"inLanguage\":\"fr-FR\",\"potentialAction\":[{\"@type\":\"ReadAction\",\"target\":[\"https:\\\/\\\/circum-urbem.fr\\\/\"]}]},{\"@type\":\"ImageObject\",\"inLanguage\":\"fr-FR\",\"@id\":\"https:\\\/\\\/circum-urbem.fr\\\/#primaryimage\",\"url\":\"http:\\\/\\\/circum-urbem.fr\\\/wp-content\\\/uploads\\\/2021\\\/09\\\/Accueil-v3-1024x680.jpg\",\"contentUrl\":\"http:\\\/\\\/circum-urbem.fr\\\/wp-content\\\/uploads\\\/2021\\\/09\\\/Accueil-v3-1024x680.jpg\"},{\"@type\":\"BreadcrumbList\",\"@id\":\"https:\\\/\\\/circum-urbem.fr\\\/#breadcrumb\",\"itemListElement\":[{\"@type\":\"ListItem\",\"position\":1,\"name\":\"Accueil\",\"item\":\"https:\\\/\\\/circum-urbem.fr\\\/\"},{\"@type\":\"ListItem\",\"position\":2,\"name\":\"LA MOBILITE AU QUOTIDIEN\"}]},{\"@type\":\"WebSite\",\"@id\":\"https:\\\/\\\/circum-urbem.fr\\\/#website\",\"url\":\"https:\\\/\\\/circum-urbem.fr\\\/\",\"name\":\"Circum Urbem\",\"description\":\"\",\"publisher\":{\"@id\":\"https:\\\/\\\/circum-urbem.fr\\\/#organization\"},\"potentialAction\":[{\"@type\":\"SearchAction\",\"target\":{\"@type\":\"EntryPoint\",\"urlTemplate\":\"https:\\\/\\\/circum-urbem.fr\\\/?s={search_term_string}\"},\"query-input\":{\"@type\":\"PropertyValueSpecification\",\"valueRequired\":true,\"valueName\":\"search_term_string\"}}],\"inLanguage\":\"fr-FR\"},{\"@type\":\"Organization\",\"@id\":\"https:\\\/\\\/circum-urbem.fr\\\/#organization\",\"name\":\"Circum Urbem\",\"url\":\"https:\\\/\\\/circum-urbem.fr\\\/\",\"logo\":{\"@type\":\"ImageObject\",\"inLanguage\":\"fr-FR\",\"@id\":\"https:\\\/\\\/circum-urbem.fr\\\/#\\\/schema\\\/logo\\\/image\\\/\",\"url\":\"https:\\\/\\\/circum-urbem.fr\\\/wp-content\\\/uploads\\\/2021\\\/09\\\/cropped-Logo_Circum_Urbem-horizontal.png\",\"contentUrl\":\"https:\\\/\\\/circum-urbem.fr\\\/wp-content\\\/uploads\\\/2021\\\/09\\\/cropped-Logo_Circum_Urbem-horizontal.png\",\"width\":1167,\"height\":531,\"caption\":\"Circum Urbem\"},\"image\":{\"@id\":\"https:\\\/\\\/circum-urbem.fr\\\/#\\\/schema\\\/logo\\\/image\\\/\"}}]}<\/script>\n<!-- \/ Yoast SEO plugin. -->","yoast_head_json":{"title":"Bureau d'\u00e9tude ing\u00e9n\u00e9rie du trafic - Rodez - Circum Urbem","description":"Bureau d\u2019\u00e9tude sp\u00e9cialis\u00e9 en ing\u00e9nierie du trafic et des d\u00e9placements, les \u00e9quipements et l\u2019exploitation de la route.","robots":{"index":"index","follow":"follow","max-snippet":"max-snippet:-1","max-image-preview":"max-image-preview:large","max-video-preview":"max-video-preview:-1"},"canonical":"https:\/\/circum-urbem.fr\/","og_locale":"fr_FR","og_type":"article","og_title":"Bureau d'\u00e9tude ing\u00e9n\u00e9rie du trafic - Rodez - Circum Urbem","og_description":"Bureau d\u2019\u00e9tude sp\u00e9cialis\u00e9 en ing\u00e9nierie du trafic et des d\u00e9placements, les \u00e9quipements et l\u2019exploitation de la route.","og_url":"https:\/\/circum-urbem.fr\/","og_site_name":"Circum Urbem","article_modified_time":"2023-09-21T13:09:10+00:00","og_image":[{"url":"http:\/\/circum-urbem.fr\/wp-content\/uploads\/2021\/09\/Accueil-v3-1024x680.jpg","type":"","width":"","height":""}],"twitter_card":"summary_large_image","twitter_misc":{"Dur\u00e9e de lecture estim\u00e9e":"1 minute"},"schema":{"@context":"https:\/\/schema.org","@graph":[{"@type":"WebPage","@id":"https:\/\/circum-urbem.fr\/","url":"https:\/\/circum-urbem.fr\/","name":"Bureau d'\u00e9tude ing\u00e9n\u00e9rie du trafic - Rodez - Circum Urbem","isPartOf":{"@id":"https:\/\/circum-urbem.fr\/#website"},"primaryImageOfPage":{"@id":"https:\/\/circum-urbem.fr\/#primaryimage"},"image":{"@id":"https:\/\/circum-urbem.fr\/#primaryimage"},"thumbnailUrl":"http:\/\/circum-urbem.fr\/wp-content\/uploads\/2021\/09\/Accueil-v3-1024x680.jpg","datePublished":"2021-09-22T12:26:40+00:00","dateModified":"2023-09-21T13:09:10+00:00","description":"Bureau d\u2019\u00e9tude sp\u00e9cialis\u00e9 en ing\u00e9nierie du trafic et des d\u00e9placements, les \u00e9quipements et l\u2019exploitation de la route.","breadcrumb":{"@id":"https:\/\/circum-urbem.fr\/#breadcrumb"},"inLanguage":"fr-FR","potentialAction":[{"@type":"ReadAction","target":["https:\/\/circum-urbem.fr\/"]}]},{"@type":"ImageObject","inLanguage":"fr-FR","@id":"https:\/\/circum-urbem.fr\/#primaryimage","url":"http:\/\/circum-urbem.fr\/wp-content\/uploads\/2021\/09\/Accueil-v3-1024x680.jpg","contentUrl":"http:\/\/circum-urbem.fr\/wp-content\/uploads\/2021\/09\/Accueil-v3-1024x680.jpg"},{"@type":"BreadcrumbList","@id":"https:\/\/circum-urbem.fr\/#breadcrumb","itemListElement":[{"@type":"ListItem","position":1,"name":"Accueil","item":"https:\/\/circum-urbem.fr\/"},{"@type":"ListItem","position":2,"name":"LA MOBILITE AU QUOTIDIEN"}]},{"@type":"WebSite","@id":"https:\/\/circum-urbem.fr\/#website","url":"https:\/\/circum-urbem.fr\/","name":"Circum Urbem","description":"","publisher":{"@id":"https:\/\/circum-urbem.fr\/#organization"},"potentialAction":[{"@type":"SearchAction","target":{"@type":"EntryPoint","urlTemplate":"https:\/\/circum-urbem.fr\/?s={search_term_string}"},"query-input":{"@type":"PropertyValueSpecification","valueRequired":true,"valueName":"search_term_string"}}],"inLanguage":"fr-FR"},{"@type":"Organization","@id":"https:\/\/circum-urbem.fr\/#organization","name":"Circum Urbem","url":"https:\/\/circum-urbem.fr\/","logo":{"@type":"ImageObject","inLanguage":"fr-FR","@id":"https:\/\/circum-urbem.fr\/#\/schema\/logo\/image\/","url":"https:\/\/circum-urbem.fr\/wp-content\/uploads\/2021\/09\/cropped-Logo_Circum_Urbem-horizontal.png","contentUrl":"https:\/\/circum-urbem.fr\/wp-content\/uploads\/2021\/09\/cropped-Logo_Circum_Urbem-horizontal.png","width":1167,"height":531,"caption":"Circum Urbem"},"image":{"@id":"https:\/\/circum-urbem.fr\/#\/schema\/logo\/image\/"}}]}},"_links":{"self":[{"href":"https:\/\/circum-urbem.fr\/index.php?rest_route=\/wp\/v2\/pages\/126","targetHints":{"allow":["GET"]}}],"collection":[{"href":"https:\/\/circum-urbem.fr\/index.php?rest_route=\/wp\/v2\/pages"}],"about":[{"href":"https:\/\/circum-urbem.fr\/index.php?rest_route=\/wp\/v2\/types\/page"}],"author":[{"embeddable":true,"href":"https:\/\/circum-urbem.fr\/index.php?rest_route=\/wp\/v2\/users\/1"}],"replies":[{"embeddable":true,"href":"https:\/\/circum-urbem.fr\/index.php?rest_route=%2Fwp%2Fv2%2Fcomments&post=126"}],"version-history":[{"count":10,"href":"https:\/\/circum-urbem.fr\/index.php?rest_route=\/wp\/v2\/pages\/126\/revisions"}],"predecessor-version":[{"id":231,"href":"https:\/\/circum-urbem.fr\/index.php?rest_route=\/wp\/v2\/pages\/126\/revisions\/231"}],"wp:attachment":[{"href":"https:\/\/circum-urbem.fr\/index.php?rest_route=%2Fwp%2Fv2%2Fmedia&parent=126"}],"curies":[{"name":"wp","href":"https:\/\/api.w.org\/{rel}","templated":true}]}}